{"id":13976,"date":"2026-03-27T02:13:39","date_gmt":"2026-03-27T01:13:39","guid":{"rendered":"https:\/\/mobile-hub.fr\/produit\/samsung-galaxy-s20-fe\/"},"modified":"2026-03-27T02:13:39","modified_gmt":"2026-03-27T01:13:39","slug":"samsung-galaxy-s20-fe","status":"publish","type":"product","link":"https:\/\/mobile-hub.fr\/en\/product\/samsung-galaxy-s20-fe\/","title":{"rendered":"Samsung Galaxy S20 FE"},"content":{"rendered":"<p>\u00a0Le Samsung Galaxy S20 FE 5G est un smartphone haut de gamme con\u00e7u pour offrir une exp\u00e9rience utilisateur compl\u00e8te et fluide. Lanc\u00e9 en 2020, il est dot\u00e9 d\u2019un grand \u00e9cran de 6,5 pouces Super AMOLED, id\u00e9al pour profiter de vid\u00e9os, de jeux ou de r\u00e9seaux sociaux avec des couleurs vives et une excellente clart\u00e9. Gr\u00e2ce \u00e0 son puissant processeur Snapdragon 865 et ses 6 Go de RAM, il garantit une navigation rapide et r\u00e9active, m\u00eame en multit\u00e2che.<\/p>\n<p>Le Galaxy S20 FE 5G se distingue par son triple appareil photo arri\u00e8re, qui permet de capturer des photos de qualit\u00e9 professionnelle dans diverses conditions. Pour les amateurs de selfies, un appareil photo frontal de 32 MP est int\u00e9gr\u00e9, offrant des images nettes et \u00e9clatantes. Avec 128 Go de stockage, extensible via une carte microSD, vous avez tout l\u2019espace n\u00e9cessaire pour vos photos, vid\u00e9os et applications.<\/p>\n<p>Sa batterie de 4500 mAh assure une autonomie robuste, vous permettant de profiter de votre t\u00e9l\u00e9phone toute la journ\u00e9e sans avoir besoin de recharger. De plus, la compatibilit\u00e9 5G vous offre une connexion ultra-rapide pour le streaming, le t\u00e9l\u00e9chargement et la navigation. Le design \u00e9l\u00e9gant du Galaxy S20 FE 5G, disponible en plusieurs couleurs tendance, est compl\u00e9t\u00e9 par un lecteur d\u2019empreintes int\u00e9gr\u00e9 \u00e0 l\u2019\u00e9cran et une certification IP68 pour la r\u00e9sistance \u00e0 l\u2019eau et \u00e0 la poussi\u00e8re. En somme, ce smartphone est un excellent choix pour ceux qui recherchent performance, style et connectivit\u00e9 de pointe.<\/p>\n<p><!----><\/p>","protected":false},"excerpt":{"rendered":"<p>\u00a0Le Samsung Galaxy S20 FE 5G est un smartphone haut de gamme con\u00e7u pour offrir une exp\u00e9rience utilisateur compl\u00e8te et<\/p>","protected":false},"featured_media":13975,"comment_status":"open","ping_status":"closed","template":"","meta":[],"product_cat":[109],"product_tag":[],"jetpack_sharing_enabled":true,"_links":{"self":[{"href":"https:\/\/mobile-hub.fr\/en\/wp-json\/wp\/v2\/product\/13976"}],"collection":[{"href":"https:\/\/mobile-hub.fr\/en\/wp-json\/wp\/v2\/product"}],"about":[{"href":"https:\/\/mobile-hub.fr\/en\/wp-json\/wp\/v2\/types\/product"}],"replies":[{"embeddable":true,"href":"https:\/\/mobile-hub.fr\/en\/wp-json\/wp\/v2\/comments?post=13976"}],"version-history":[{"count":0,"href":"https:\/\/mobile-hub.fr\/en\/wp-json\/wp\/v2\/product\/13976\/revisions"}],"wp:featuredmedia":[{"embeddable":true,"href":"https:\/\/mobile-hub.fr\/en\/wp-json\/wp\/v2\/media\/13975"}],"wp:attachment":[{"href":"https:\/\/mobile-hub.fr\/en\/wp-json\/wp\/v2\/media?parent=13976"}],"wp:term":[{"taxonomy":"product_cat","embeddable":true,"href":"https:\/\/mobile-hub.fr\/en\/wp-json\/wp\/v2\/product_cat?post=13976"},{"taxonomy":"product_tag","embeddable":true,"href":"https:\/\/mobile-hub.fr\/en\/wp-json\/wp\/v2\/product_tag?post=13976"}],"curies":[{"name":"wp","href":"https:\/\/api.w.org\/{rel}","templated":true}]}}