{"id":13968,"date":"2026-03-27T02:13:36","date_gmt":"2026-03-27T01:13:36","guid":{"rendered":"https:\/\/mobile-hub.fr\/produit\/samsung-galaxy-s21\/"},"modified":"2026-03-27T02:13:36","modified_gmt":"2026-03-27T01:13:36","slug":"samsung-galaxy-s21","status":"publish","type":"product","link":"https:\/\/mobile-hub.fr\/en\/product\/samsung-galaxy-s21\/","title":{"rendered":"Samsung Galaxy S21"},"content":{"rendered":"<p>\u00a0Le Samsung Galaxy S21 5G est un smartphone haut de gamme qui allie puissance et \u00e9l\u00e9gance. Lanc\u00e9 en 2021, il est \u00e9quip\u00e9 d\u2019un \u00e9cran de 6,2 pouces offrant des couleurs \u00e9clatantes et une fluidit\u00e9 exceptionnelle, parfait pour le streaming, les jeux ou la navigation sur le web. Gr\u00e2ce \u00e0 son processeur ultrarapide et ses 8 Go de RAM, le Galaxy S21 5G assure une exp\u00e9rience fluide et r\u00e9active, m\u00eame avec les applications les plus exigeantes.<\/p>\n<p>C\u00f4t\u00e9 photographie, le Galaxy S21 5G est dot\u00e9 d\u2019un triple appareil photo \u00e0 l\u2019arri\u00e8re, qui permet de capturer des images incroyablement d\u00e9taill\u00e9es, que ce soit de jour ou de nuit. Son appareil photo frontal de 10 MP garantit des selfies nets et bien \u00e9clair\u00e9s. Avec 128 Go de stockage, vous aurez suffisamment d\u2019espace pour vos photos, vid\u00e9os et applications.<\/p>\n<p>La batterie de 4000 mAh offre une autonomie solide tout au long de la journ\u00e9e, et la charge rapide vous permet de recharger rapidement votre appareil. Le Galaxy S21 5G est \u00e9galement compatible avec la 5G, vous permettant de profiter de vitesses de connexion ultra-rapides pour le streaming, les jeux en ligne et bien plus encore.<\/p>\n<p>Avec son design \u00e9l\u00e9gant, ses finitions en verre et m\u00e9tal, et son lecteur d\u2019empreintes digitales int\u00e9gr\u00e9 \u00e0 l\u2019\u00e9cran, le Samsung Galaxy S21 5G est \u00e0 la fois moderne et sophistiqu\u00e9. Disponible en plusieurs couleurs raffin\u00e9es, il est le choix id\u00e9al pour ceux qui recherchent un smartphone puissant, \u00e9l\u00e9gant et pr\u00eat pour l\u2019avenir.<\/p>\n<p><!----><\/p>","protected":false},"excerpt":{"rendered":"<p>\u00a0Le Samsung Galaxy S21 5G est un smartphone haut de gamme qui allie puissance et \u00e9l\u00e9gance. Lanc\u00e9 en 2021, il<\/p>","protected":false},"featured_media":13967,"comment_status":"open","ping_status":"closed","template":"","meta":[],"product_cat":[109],"product_tag":[],"jetpack_sharing_enabled":true,"_links":{"self":[{"href":"https:\/\/mobile-hub.fr\/en\/wp-json\/wp\/v2\/product\/13968"}],"collection":[{"href":"https:\/\/mobile-hub.fr\/en\/wp-json\/wp\/v2\/product"}],"about":[{"href":"https:\/\/mobile-hub.fr\/en\/wp-json\/wp\/v2\/types\/product"}],"replies":[{"embeddable":true,"href":"https:\/\/mobile-hub.fr\/en\/wp-json\/wp\/v2\/comments?post=13968"}],"version-history":[{"count":0,"href":"https:\/\/mobile-hub.fr\/en\/wp-json\/wp\/v2\/product\/13968\/revisions"}],"wp:featuredmedia":[{"embeddable":true,"href":"https:\/\/mobile-hub.fr\/en\/wp-json\/wp\/v2\/media\/13967"}],"wp:attachment":[{"href":"https:\/\/mobile-hub.fr\/en\/wp-json\/wp\/v2\/media?parent=13968"}],"wp:term":[{"taxonomy":"product_cat","embeddable":true,"href":"https:\/\/mobile-hub.fr\/en\/wp-json\/wp\/v2\/product_cat?post=13968"},{"taxonomy":"product_tag","embeddable":true,"href":"https:\/\/mobile-hub.fr\/en\/wp-json\/wp\/v2\/product_tag?post=13968"}],"curies":[{"name":"wp","href":"https:\/\/api.w.org\/{rel}","templated":true}]}}