{"id":13930,"date":"2026-03-27T02:13:28","date_gmt":"2026-03-27T01:13:28","guid":{"rendered":"https:\/\/mobile-hub.fr\/produit\/samsung-galaxy-z-fold3\/"},"modified":"2026-03-27T02:13:28","modified_gmt":"2026-03-27T01:13:28","slug":"samsung-galaxy-z-fold3","status":"publish","type":"product","link":"https:\/\/mobile-hub.fr\/en\/product\/samsung-galaxy-z-fold3\/","title":{"rendered":"Samsung Galaxy Z Fold3"},"content":{"rendered":"<p data-start=\"0\" data-end=\"112\"><span class=\"relative -mx-px my-[-0.2rem] rounded px-px py-[0.2rem] transition-colors duration-100 ease-in-out\">Le <strong data-start=\"3\" data-end=\"32\">Samsung Galaxy Z Fold3 5G<\/strong>, lanc\u00e9 le 11 ao\u00fbt 2021, est un smartphone pliable haut de gamme qui combine innovation technologique et fonctionnalit\u00e9s avanc\u00e9es.<\/span> <span class=\"relative -mx-px my-[-0.2rem] rounded px-px py-[0.2rem] transition-colors duration-100 ease-in-out\">Il succ\u00e8de au Galaxy Z Fold2 et se distingue par une meilleure durabilit\u00e9, une certification d&rsquo;\u00e9tanch\u00e9it\u00e9 IPX8 et la prise en charge du S Pen.<\/span><\/p>\n<hr data-start=\"114\" data-end=\"117\">\n<h3 data-start=\"119\" data-end=\"142\">\ud83d\udcf1 \u00c9crans et Design<\/h3>\n<ul data-start=\"144\" data-end=\"833\">\n<li data-start=\"144\" data-end=\"244\">\n<p data-start=\"146\" data-end=\"244\"><strong data-start=\"146\" data-end=\"165\">\u00c9cran principal<\/strong> : <span class=\"relative -mx-px my-[-0.2rem] rounded px-px py-[0.2rem] transition-colors duration-100 ease-in-out\">Dynamic AMOLED 2X de <strong data-start=\"21\" data-end=\"35\">7,6 pouces<\/strong>, r\u00e9solution <strong data-start=\"48\" data-end=\"70\">2208 x 1768 pixels<\/strong>, taux de rafra\u00eechissement <strong data-start=\"97\" data-end=\"107\">120 Hz<\/strong>, support HDR10+.<\/span><\/p>\n<\/li>\n<li data-start=\"246\" data-end=\"346\">\n<p data-start=\"248\" data-end=\"346\"><strong data-start=\"248\" data-end=\"265\">\u00c9cran externe<\/strong> : <span class=\"relative -mx-px my-[-0.2rem] rounded px-px py-[0.2rem] transition-colors duration-100 ease-in-out\">Dynamic AMOLED 2X de <strong data-start=\"21\" data-end=\"35\">6,2 pouces<\/strong>, r\u00e9solution <strong data-start=\"48\" data-end=\"69\">2268 x 832 pixels<\/strong>, taux de rafra\u00eechissement <strong data-start=\"96\" data-end=\"106\">120 Hz<\/strong>, support HDR10+.<\/span><\/p>\n<\/li>\n<li data-start=\"348\" data-end=\"493\">\n<p data-start=\"350\" data-end=\"366\"><strong data-start=\"350\" data-end=\"364\">Dimensions<\/strong> :<\/p>\n<ul data-start=\"369\" data-end=\"493\">\n<li data-start=\"369\" data-end=\"410\">\n<p data-start=\"371\" data-end=\"410\"><span class=\"relative -mx-px my-[-0.2rem] rounded px-px py-[0.2rem] transition-colors duration-100 ease-in-out\">D\u00e9pli\u00e9 : <strong data-start=\"9\" data-end=\"35\" data-is-last-node=\"\">158,2 x 128,1 x 6,4 mm<\/strong><\/span><\/p>\n<\/li>\n<li data-start=\"413\" data-end=\"493\">\n<p data-start=\"415\" data-end=\"493\"><span class=\"relative -mx-px my-[-0.2rem] rounded px-px py-[0.2rem] transition-colors duration-100 ease-in-out\">Pli\u00e9 : <strong data-start=\"7\" data-end=\"36\" data-is-last-node=\"\">158,2 x 67,1 x 14,4\u201316 mm<\/strong><\/span><\/p>\n<\/li>\n<\/ul>\n<\/li>\n<li data-start=\"495\" data-end=\"587\">\n<p data-start=\"497\" data-end=\"587\"><strong data-start=\"497\" data-end=\"506\">Poids<\/strong> : <span class=\"relative -mx-px my-[-0.2rem] rounded px-px py-[0.2rem] transition-colors duration-100 ease-in-out\"><strong data-start=\"0\" data-end=\"9\" data-is-last-node=\"\" data-is-only-node=\"\">271 g<\/strong><\/span><\/p>\n<\/li>\n<li data-start=\"589\" data-end=\"685\">\n<p data-start=\"591\" data-end=\"685\"><strong data-start=\"591\" data-end=\"604\">Mat\u00e9riaux<\/strong> : <span class=\"relative -mx-px my-[-0.2rem] rounded px-px py-[0.2rem] transition-colors duration-100 ease-in-out\">Cadre en aluminium renforc\u00e9 (Armor Aluminum), verre Gorilla Glass Victus \u00e0 l&rsquo;arri\u00e8re, \u00e9cran int\u00e9rieur en \u00ab\u00a0Ultra-Thin Glass\u00a0\u00bb avec deux couches de protection PET.<\/span><\/p>\n<\/li>\n<li data-start=\"687\" data-end=\"833\">\n<p data-start=\"689\" data-end=\"833\"><strong data-start=\"689\" data-end=\"711\">R\u00e9sistance \u00e0 l&rsquo;eau<\/strong> : <span class=\"relative -mx-px my-[-0.2rem] rounded px-px py-[0.2rem] transition-colors duration-100 ease-in-out\">Certification <strong data-start=\"14\" data-end=\"22\">IPX8<\/strong>, supportant une immersion jusqu&rsquo;\u00e0 1,5 m\u00e8tre pendant 30 minutes<\/span> .<span class=\"ms-1 inline-flex max-w-full items-center relative top-[-0.094rem] animate-[show_150ms_ease-in]\"><a href=\"https:\/\/en.wikipedia.org\/wiki\/Samsung_Galaxy_Z_Fold_3?utm_source=chatgpt.com\" rel=\"noopener\" class=\"flex h-4.5 overflow-hidden rounded-xl px-2 text-[0.5625em] font-medium text-token-text-secondary! bg-[#F4F4F4]! dark:bg-[#303030]! transition-colors duration-150 ease-in-out\" target=\"_blank\"><span class=\"relative start-0 bottom-0 flex h-full w-full items-center\"><span class=\"flex h-4 w-full items-center justify-between overflow-hidden\"><span class=\"max-w-full grow truncate overflow-hidden text-center\"><\/span><\/span><\/span><\/a><\/span><\/p>\n<\/li>\n<\/ul>\n<hr data-start=\"835\" data-end=\"838\">\n<h3 data-start=\"840\" data-end=\"871\">\u2699\ufe0f Performances et Logiciel<\/h3>\n<ul data-start=\"873\" data-end=\"1509\">\n<li data-start=\"873\" data-end=\"970\">\n<p data-start=\"875\" data-end=\"970\"><strong data-start=\"875\" data-end=\"889\">Processeur<\/strong> : <span class=\"relative -mx-px my-[-0.2rem] rounded px-px py-[0.2rem] transition-colors duration-100 ease-in-out\"><strong data-start=\"0\" data-end=\"27\" data-is-last-node=\"\" data-is-only-node=\"\">Qualcomm Snapdragon 888<\/strong><\/span><span class=\"ms-1 inline-flex max-w-full items-center relative top-[-0.094rem] animate-[show_150ms_ease-in]\"><a href=\"https:\/\/de.wikipedia.org\/wiki\/Samsung_Galaxy_Z_Fold3?utm_source=chatgpt.com\" rel=\"noopener\" class=\"flex h-4.5 overflow-hidden rounded-xl px-2 text-[0.5625em] font-medium text-token-text-secondary! bg-[#F4F4F4]! dark:bg-[#303030]! transition-colors duration-150 ease-in-out\" target=\"_blank\"><span class=\"relative start-0 bottom-0 flex h-full w-full items-center\"><span class=\"flex h-4 w-full items-center justify-between absolute\"><span class=\"-me-1 flex h-full items-center rounded-full px-1 text-[#8F8F8F]\"><\/span><\/span><\/span><\/a><\/span><\/p>\n<\/li>\n<li data-start=\"972\" data-end=\"1062\">\n<p data-start=\"974\" data-end=\"1062\"><strong data-start=\"974\" data-end=\"981\">RAM<\/strong> : <span class=\"relative -mx-px my-[-0.2rem] rounded px-px py-[0.2rem] transition-colors duration-100 ease-in-out\"><strong data-start=\"0\" data-end=\"16\" data-is-last-node=\"\" data-is-only-node=\"\">12 Go LPDDR5<\/strong><\/span><\/p>\n<\/li>\n<li data-start=\"1064\" data-end=\"1159\">\n<p data-start=\"1066\" data-end=\"1159\"><strong data-start=\"1066\" data-end=\"1078\">Storage<\/strong> : <span class=\"relative -mx-px my-[-0.2rem] rounded px-px py-[0.2rem] transition-colors duration-100 ease-in-out\"><strong data-start=\"0\" data-end=\"17\" data-is-only-node=\"\">256 ou 512 Go<\/strong> UFS 3.1 (non extensible)<\/span><\/p>\n<\/li>\n<li data-start=\"1161\" data-end=\"1311\">\n<p data-start=\"1163\" data-end=\"1311\"><strong data-start=\"1163\" data-end=\"1189\">Syst\u00e8me d&rsquo;exploitation<\/strong> : <span class=\"relative -mx-px my-[-0.2rem] rounded px-px py-[0.2rem] transition-colors duration-100 ease-in-out\">Lanc\u00e9 avec <strong data-start=\"11\" data-end=\"25\">Android 11<\/strong> et <strong data-start=\"29\" data-end=\"45\">One UI 3.1.1<\/strong>, il est actuellement mis \u00e0 jour vers <strong data-start=\"83\" data-end=\"97\">Android 15<\/strong> avec <strong data-start=\"103\" data-end=\"115\" data-is-last-node=\"\">One UI 7<\/strong><\/span> .<\/p>\n<\/li>\n<li data-start=\"1313\" data-end=\"1412\">\n<p data-start=\"1315\" data-end=\"1412\"><strong data-start=\"1315\" data-end=\"1331\">Connectivit\u00e9<\/strong> : <span class=\"relative -mx-px my-[-0.2rem] rounded px-px py-[0.2rem] transition-colors duration-100 ease-in-out\">5G, Wi-Fi 6e, Bluetooth 5.2, NFC, USB Type-C 3.2.<\/span><\/p>\n<\/li>\n<li data-start=\"1414\" data-end=\"1509\">\n<p data-start=\"1416\" data-end=\"1509\"><strong data-start=\"1416\" data-end=\"1428\">Capteurs<\/strong> : <span class=\"relative -mx-px my-[-0.2rem] rounded px-px py-[0.2rem] transition-colors duration-100 ease-in-out\">Lecteur d&#8217;empreintes digitales lat\u00e9ral, acc\u00e9l\u00e9rom\u00e8tre, gyroscope, capteur de proximit\u00e9, boussole, barom\u00e8tre.<\/span><\/p>\n<\/li>\n<\/ul>\n<hr data-start=\"1511\" data-end=\"1514\">\n<h3 data-start=\"1516\" data-end=\"1538\">\ud83d\udcf8 Appareils Photo<\/h3>\n<ul data-start=\"1540\" data-end=\"1995\">\n<li data-start=\"1540\" data-end=\"1733\">\n<p data-start=\"1542\" data-end=\"1562\"><strong data-start=\"1542\" data-end=\"1560\">Cam\u00e9ra arri\u00e8re<\/strong> :<\/p>\n<ul data-start=\"1565\" data-end=\"1733\">\n<li data-start=\"1565\" data-end=\"1606\">\n<p data-start=\"1567\" data-end=\"1606\"><span class=\"relative -mx-px my-[-0.2rem] rounded px-px py-[0.2rem] transition-colors duration-100 ease-in-out\">Capteur principal de <strong data-start=\"21\" data-end=\"30\">12 MP<\/strong> (f\/1.8), stabilisation optique (OIS), autofocus \u00e0 double pixel.<\/span><\/p>\n<\/li>\n<li data-start=\"1609\" data-end=\"1650\">\n<p data-start=\"1611\" data-end=\"1650\"><span class=\"relative -mx-px my-[-0.2rem] rounded px-px py-[0.2rem] transition-colors duration-100 ease-in-out\">Ultra grand-angle de <strong data-start=\"21\" data-end=\"30\">12 MP<\/strong> (f\/2.2), champ de vision de 123\u00b0.<\/span><\/p>\n<\/li>\n<li data-start=\"1653\" data-end=\"1733\">\n<p data-start=\"1655\" data-end=\"1733\"><span class=\"relative -mx-px my-[-0.2rem] rounded px-px py-[0.2rem] transition-colors duration-100 ease-in-out\">T\u00e9l\u00e9objectif de <strong data-start=\"16\" data-end=\"25\">12 MP<\/strong> (f\/2.4), zoom optique 2x.<\/span><\/p>\n<\/li>\n<\/ul>\n<\/li>\n<li data-start=\"1735\" data-end=\"1885\">\n<p data-start=\"1737\" data-end=\"1758\"><strong data-start=\"1737\" data-end=\"1756\">Cam\u00e9ra frontale<\/strong> :<\/p>\n<ul data-start=\"1761\" data-end=\"1885\">\n<li data-start=\"1761\" data-end=\"1802\">\n<p data-start=\"1763\" data-end=\"1802\"><span class=\"relative -mx-px my-[-0.2rem] rounded px-px py-[0.2rem] transition-colors duration-100 ease-in-out\">\u00c9cran externe : <strong data-start=\"16\" data-end=\"25\">10 MP<\/strong> (f\/2.2).<\/span><\/p>\n<\/li>\n<li data-start=\"1805\" data-end=\"1885\">\n<p data-start=\"1807\" data-end=\"1885\"><span class=\"relative -mx-px my-[-0.2rem] rounded px-px py-[0.2rem] transition-colors duration-100 ease-in-out\">\u00c9cran interne : <strong data-start=\"16\" data-end=\"24\">4 MP<\/strong> (f\/1.8), int\u00e9gr\u00e9e sous l&rsquo;\u00e9cran.<\/span><\/p>\n<\/li>\n<\/ul>\n<\/li>\n<li data-start=\"1887\" data-end=\"1995\">\n<p data-start=\"1889\" data-end=\"1995\"><strong data-start=\"1889\" data-end=\"1914\">Fonctionnalit\u00e9s vid\u00e9o<\/strong> : <span class=\"relative -mx-px my-[-0.2rem] rounded px-px py-[0.2rem] transition-colors duration-100 ease-in-out\">Enregistrement jusqu&rsquo;en <strong data-start=\"24\" data-end=\"39\">4K \u00e0 60 fps<\/strong>, ralenti en <strong data-start=\"52\" data-end=\"71\">1080p \u00e0 240 fps<\/strong> et <strong data-start=\"75\" data-end=\"93\">720p \u00e0 960 fps<\/strong>, support HDR10+.<\/span><\/p>\n<\/li>\n<\/ul>\n<hr data-start=\"1997\" data-end=\"2000\">\n<h3 data-start=\"2002\" data-end=\"2030\">\ud83d\udd0b Batterie et Autonomie<\/h3>\n<ul data-start=\"2032\" data-end=\"2414\">\n<li data-start=\"2032\" data-end=\"2127\">\n<p data-start=\"2034\" data-end=\"2127\"><strong data-start=\"2034\" data-end=\"2046\">Capacit\u00e9<\/strong> : <span class=\"relative -mx-px my-[-0.2rem] rounded px-px py-[0.2rem] transition-colors duration-100 ease-in-out\"><strong data-start=\"0\" data-end=\"12\" data-is-last-node=\"\" data-is-only-node=\"\">4400 mAh<\/strong><\/span><\/p>\n<\/li>\n<li data-start=\"2129\" data-end=\"2316\">\n<p data-start=\"2131\" data-end=\"2145\"><strong data-start=\"2131\" data-end=\"2143\">Recharge<\/strong> :<\/p>\n<ul data-start=\"2148\" data-end=\"2316\">\n<li data-start=\"2148\" data-end=\"2189\">\n<p data-start=\"2150\" data-end=\"2189\"><span class=\"relative -mx-px my-[-0.2rem] rounded px-px py-[0.2rem] transition-colors duration-100 ease-in-out\">Rapide filaire jusqu&rsquo;\u00e0 <strong data-start=\"23\" data-end=\"30\" data-is-last-node=\"\">25W<\/strong><\/span><\/p>\n<\/li>\n<li data-start=\"2192\" data-end=\"2233\">\n<p data-start=\"2194\" data-end=\"2233\"><span class=\"relative -mx-px my-[-0.2rem] rounded px-px py-[0.2rem] transition-colors duration-100 ease-in-out\">Sans fil jusqu&rsquo;\u00e0 <strong data-start=\"17\" data-end=\"24\" data-is-last-node=\"\">10W<\/strong><\/span><\/p>\n<\/li>\n<li data-start=\"2236\" data-end=\"2316\">\n<p data-start=\"2238\" data-end=\"2316\"><span class=\"relative -mx-px my-[-0.2rem] rounded px-px py-[0.2rem] transition-colors duration-100 ease-in-out\">Recharge invers\u00e9e jusqu&rsquo;\u00e0 <strong data-start=\"26\" data-end=\"34\" data-is-last-node=\"\">4,5W<\/strong><\/span><\/p>\n<\/li>\n<\/ul>\n<\/li>\n<li data-start=\"2318\" data-end=\"2414\">\n<p data-start=\"2320\" data-end=\"2414\"><strong data-start=\"2320\" data-end=\"2333\">Autonomie<\/strong> : <span class=\"relative -mx-px my-[-0.2rem] rounded px-px py-[0.2rem] transition-colors duration-100 ease-in-out\">Une journ\u00e9e d&rsquo;utilisation mod\u00e9r\u00e9e ; l&rsquo;autonomie peut \u00eatre limit\u00e9e en cas d&rsquo;utilisation intensive.<\/span><\/p>\n<\/li>\n<\/ul>\n<hr data-start=\"2416\" data-end=\"2419\">\n<h3 data-start=\"2421\" data-end=\"2449\">\u270d\ufe0f S Pen et Productivit\u00e9<\/h3>\n<ul data-start=\"2451\" data-end=\"2681\">\n<li data-start=\"2451\" data-end=\"2561\">\n<p data-start=\"2453\" data-end=\"2561\"><strong data-start=\"2453\" data-end=\"2476\">Compatibilit\u00e9 S Pen<\/strong> : <span class=\"relative -mx-px my-[-0.2rem] rounded px-px py-[0.2rem] transition-colors duration-100 ease-in-out\">Prise en charge du <strong data-start=\"19\" data-end=\"41\">S Pen Fold Edition<\/strong> et du <strong data-start=\"48\" data-end=\"61\">S Pen Pro<\/strong> (vendus s\u00e9par\u00e9ment).<\/span><\/p>\n<\/li>\n<li data-start=\"2563\" data-end=\"2681\">\n<p data-start=\"2565\" data-end=\"2681\"><strong data-start=\"2565\" data-end=\"2596\">Fonctionnalit\u00e9s multit\u00e2ches<\/strong> : <span class=\"relative -mx-px my-[-0.2rem] rounded px-px py-[0.2rem] transition-colors duration-100 ease-in-out\">Possibilit\u00e9 d&rsquo;afficher jusqu&rsquo;\u00e0 trois applications simultan\u00e9ment sur l&rsquo;\u00e9cran principal, avec des fen\u00eatres redimensionnables et un mode Flex pour une utilisation mains libres.<\/span><\/p>\n<\/li>\n<\/ul>\n<p><!----><\/p>","protected":false},"excerpt":{"rendered":"<p>Le Samsung Galaxy Z Fold3 5G, lanc\u00e9 le 11 ao\u00fbt 2021, est un smartphone pliable haut de gamme qui combine<\/p>","protected":false},"featured_media":13929,"comment_status":"open","ping_status":"closed","template":"","meta":[],"product_cat":[109],"product_tag":[],"jetpack_sharing_enabled":true,"_links":{"self":[{"href":"https:\/\/mobile-hub.fr\/en\/wp-json\/wp\/v2\/product\/13930"}],"collection":[{"href":"https:\/\/mobile-hub.fr\/en\/wp-json\/wp\/v2\/product"}],"about":[{"href":"https:\/\/mobile-hub.fr\/en\/wp-json\/wp\/v2\/types\/product"}],"replies":[{"embeddable":true,"href":"https:\/\/mobile-hub.fr\/en\/wp-json\/wp\/v2\/comments?post=13930"}],"version-history":[{"count":0,"href":"https:\/\/mobile-hub.fr\/en\/wp-json\/wp\/v2\/product\/13930\/revisions"}],"wp:featuredmedia":[{"embeddable":true,"href":"https:\/\/mobile-hub.fr\/en\/wp-json\/wp\/v2\/media\/13929"}],"wp:attachment":[{"href":"https:\/\/mobile-hub.fr\/en\/wp-json\/wp\/v2\/media?parent=13930"}],"wp:term":[{"taxonomy":"product_cat","embeddable":true,"href":"https:\/\/mobile-hub.fr\/en\/wp-json\/wp\/v2\/product_cat?post=13930"},{"taxonomy":"product_tag","embeddable":true,"href":"https:\/\/mobile-hub.fr\/en\/wp-json\/wp\/v2\/product_tag?post=13930"}],"curies":[{"name":"wp","href":"https:\/\/api.w.org\/{rel}","templated":true}]}}