{"id":13920,"date":"2026-03-27T02:13:25","date_gmt":"2026-03-27T01:13:25","guid":{"rendered":"https:\/\/mobile-hub.fr\/produit\/samsung-galaxy-z-flip6\/"},"modified":"2026-03-27T02:13:25","modified_gmt":"2026-03-27T01:13:25","slug":"samsung-galaxy-z-flip6","status":"publish","type":"product","link":"https:\/\/mobile-hub.fr\/en\/product\/samsung-galaxy-z-flip6\/","title":{"rendered":"Samsung Galaxy Z Flip6"},"content":{"rendered":"<p data-start=\"260\" data-end=\"374\"><span class=\"relative -mx-px my-[-0.2rem] rounded px-px py-[0.2rem] transition-colors duration-100 ease-in-out\">Le <strong data-start=\"3\" data-end=\"32\">Samsung Galaxy Z Flip6 5G<\/strong> red\u00e9finit le smartphone pliable avec son design raffin\u00e9, ses performances accrues et ses fonctionnalit\u00e9s d&rsquo;IA innovantes.<\/span> <span class=\"relative -mx-px my-[-0.2rem] rounded px-px py-[0.2rem] transition-colors duration-100 ease-in-out\">Son format compact \u00e0 clapet s&rsquo;ouvre pour r\u00e9v\u00e9ler un \u00e9cran immersif, tandis que l&rsquo;\u00e9cran externe interactif permet un acc\u00e8s rapide aux fonctionnalit\u00e9s essentielles.<\/span><\/p>\n<hr data-start=\"376\" data-end=\"379\">\n<h3 data-start=\"381\" data-end=\"421\">\u2705 <strong data-start=\"387\" data-end=\"421\">Caract\u00e9ristiques principales :<\/strong><br \/>\n<\/h3>\n<ul data-start=\"423\" data-end=\"1326\">\n<li data-start=\"423\" data-end=\"486\">\n<p data-start=\"425\" data-end=\"486\"><strong data-start=\"425\" data-end=\"444\">\u00c9cran principal<\/strong> : <span class=\"relative -mx-px my-[-0.2rem] rounded px-px py-[0.2rem] transition-colors duration-100 ease-in-out\">6,7&Prime; Dynamic AMOLED 2X, r\u00e9solution 2640 x 1080, taux de rafra\u00eechissement adaptatif 120 Hz, HDR10+<\/span><\/p>\n<\/li>\n<li data-start=\"487\" data-end=\"548\">\n<p data-start=\"489\" data-end=\"548\"><strong data-start=\"489\" data-end=\"506\">\u00c9cran externe<\/strong> : <span class=\"relative -mx-px my-[-0.2rem] rounded px-px py-[0.2rem] transition-colors duration-100 ease-in-out\">3,4&Prime; Super AMOLED, r\u00e9solution 720 x 748, taux de rafra\u00eechissement 60 Hz<\/span><\/p>\n<\/li>\n<li data-start=\"549\" data-end=\"607\">\n<p data-start=\"551\" data-end=\"607\"><strong data-start=\"551\" data-end=\"565\">Processeur<\/strong> : <span class=\"relative -mx-px my-[-0.2rem] rounded px-px py-[0.2rem] transition-colors duration-100 ease-in-out\">Qualcomm Snapdragon 8 Gen 3 for Galaxy<\/span><\/p>\n<\/li>\n<li data-start=\"608\" data-end=\"667\">\n<p data-start=\"610\" data-end=\"667\"><strong data-start=\"610\" data-end=\"625\">M\u00e9moire RAM<\/strong> : <span class=\"relative -mx-px my-[-0.2rem] rounded px-px py-[0.2rem] transition-colors duration-100 ease-in-out\">12 Go<\/span><\/p>\n<\/li>\n<li data-start=\"668\" data-end=\"724\">\n<p data-start=\"670\" data-end=\"724\"><strong data-start=\"670\" data-end=\"682\">Storage<\/strong> : <span class=\"relative -mx-px my-[-0.2rem] rounded px-px py-[0.2rem] transition-colors duration-100 ease-in-out\">256 Go ou 512 Go UFS 4.0<\/span><\/p>\n<\/li>\n<li data-start=\"725\" data-end=\"787\">\n<p data-start=\"727\" data-end=\"787\"><strong data-start=\"727\" data-end=\"745\">Cam\u00e9ra arri\u00e8re<\/strong> : <span class=\"relative -mx-px my-[-0.2rem] rounded px-px py-[0.2rem] transition-colors duration-100 ease-in-out\">Double capteur \u2013 50 MP (grand-angle, OIS) + 12 MP (ultra grand-angle)<\/span><\/p>\n<\/li>\n<li data-start=\"788\" data-end=\"851\">\n<p data-start=\"790\" data-end=\"851\"><strong data-start=\"790\" data-end=\"809\">Cam\u00e9ra frontale<\/strong> : <span class=\"relative -mx-px my-[-0.2rem] rounded px-px py-[0.2rem] transition-colors duration-100 ease-in-out\">10 MP<\/span><\/p>\n<\/li>\n<li data-start=\"852\" data-end=\"908\">\n<p data-start=\"854\" data-end=\"908\"><strong data-start=\"854\" data-end=\"866\">Batterie<\/strong> : <span class=\"relative -mx-px my-[-0.2rem] rounded px-px py-[0.2rem] transition-colors duration-100 ease-in-out\">4000 mAh \u2013 Recharge rapide 25W, sans fil 15W, recharge invers\u00e9e<\/span><\/p>\n<\/li>\n<li data-start=\"909\" data-end=\"979\">\n<p data-start=\"911\" data-end=\"979\"><strong data-start=\"911\" data-end=\"937\">Syst\u00e8me d&rsquo;exploitation<\/strong> : <span class=\"relative -mx-px my-[-0.2rem] rounded px-px py-[0.2rem] transition-colors duration-100 ease-in-out\">Android 14 avec One UI 6.1.1, \u00e9volutif vers Android 15 avec One UI 7<\/span><\/p>\n<\/li>\n<li data-start=\"980\" data-end=\"1040\">\n<p data-start=\"982\" data-end=\"1040\"><strong data-start=\"982\" data-end=\"998\">Connectivit\u00e9<\/strong> : <span class=\"relative -mx-px my-[-0.2rem] rounded px-px py-[0.2rem] transition-colors duration-100 ease-in-out\">5G, Wi-Fi 6E, Bluetooth 5.3, NFC, USB Type-C 3.2<\/span><\/p>\n<\/li>\n<li data-start=\"1041\" data-end=\"1108\">\n<p data-start=\"1043\" data-end=\"1108\"><strong data-start=\"1043\" data-end=\"1066\">Dimensions (d\u00e9pli\u00e9)<\/strong> : <span class=\"relative -mx-px my-[-0.2rem] rounded px-px py-[0.2rem] transition-colors duration-100 ease-in-out\">165,1 x 71,9 x 6,9 mm<\/span><\/p>\n<\/li>\n<li data-start=\"1109\" data-end=\"1174\">\n<p data-start=\"1111\" data-end=\"1174\"><strong data-start=\"1111\" data-end=\"1132\">Dimensions (pli\u00e9)<\/strong> : <span class=\"relative -mx-px my-[-0.2rem] rounded px-px py-[0.2rem] transition-colors duration-100 ease-in-out\">85,1 x 71,9 x 14,9 mm<\/span><\/p>\n<\/li>\n<li data-start=\"1175\" data-end=\"1228\">\n<p data-start=\"1177\" data-end=\"1228\"><strong data-start=\"1177\" data-end=\"1186\">Poids<\/strong> : <span class=\"relative -mx-px my-[-0.2rem] rounded px-px py-[0.2rem] transition-colors duration-100 ease-in-out\">187 g<\/span><\/p>\n<\/li>\n<li data-start=\"1229\" data-end=\"1326\">\n<p data-start=\"1231\" data-end=\"1326\"><strong data-start=\"1231\" data-end=\"1245\">R\u00e9sistance<\/strong> : <span class=\"relative -mx-px my-[-0.2rem] rounded px-px py-[0.2rem] transition-colors duration-100 ease-in-out\">Certification IP48 (r\u00e9sistance \u00e0 l&rsquo;eau et \u00e0 la poussi\u00e8re), ch\u00e2ssis en Armor Aluminum, verre Gorilla Glass Victus 2<\/span><\/p>\n<\/li>\n<\/ul>\n<hr data-start=\"1328\" data-end=\"1331\">\n<h3 data-start=\"1333\" data-end=\"1401\">\ud83e\udd16 <strong data-start=\"1340\" data-end=\"1401\">Fonctionnalit\u00e9s d&rsquo;intelligence artificielle (Galaxy AI) :<\/strong><br \/>\n<\/h3>\n<ul data-start=\"1403\" data-end=\"1706\">\n<li data-start=\"1403\" data-end=\"1469\">\n<p data-start=\"1405\" data-end=\"1469\"><strong data-start=\"1405\" data-end=\"1427\">R\u00e9ponses sugg\u00e9r\u00e9es<\/strong> : <span class=\"relative -mx-px my-[-0.2rem] rounded px-px py-[0.2rem] transition-colors duration-100 ease-in-out\">Propose des r\u00e9ponses contextuelles aux messages, m\u00eame lorsque le t\u00e9l\u00e9phone est ferm\u00e9<\/span><\/p>\n<\/li>\n<li data-start=\"1470\" data-end=\"1538\">\n<p data-start=\"1472\" data-end=\"1538\"><strong data-start=\"1472\" data-end=\"1496\">Traduction en direct<\/strong> : <span class=\"relative -mx-px my-[-0.2rem] rounded px-px py-[0.2rem] transition-colors duration-100 ease-in-out\">Traduction instantan\u00e9e des conversations en plusieurs langues<\/span><\/p>\n<\/li>\n<li data-start=\"1539\" data-end=\"1602\">\n<p data-start=\"1541\" data-end=\"1602\"><strong data-start=\"1541\" data-end=\"1560\">Mode Interpr\u00e8te<\/strong> : <span class=\"relative -mx-px my-[-0.2rem] rounded px-px py-[0.2rem] transition-colors duration-100 ease-in-out\">Affiche des traductions en temps r\u00e9el pour faciliter les \u00e9changes multilingues<\/span><\/p>\n<\/li>\n<li data-start=\"1603\" data-end=\"1706\">\n<p data-start=\"1605\" data-end=\"1706\"><strong data-start=\"1605\" data-end=\"1625\">ProVisual Engine<\/strong> : <span class=\"relative -mx-px my-[-0.2rem] rounded px-px py-[0.2rem] transition-colors duration-100 ease-in-out\">Optimise automatiquement les photos pour des portraits plus nets et lumineux<\/span><\/p>\n<\/li>\n<\/ul>\n<hr data-start=\"1708\" data-end=\"1711\">\n<h3 data-start=\"1713\" data-end=\"1751\">\ud83d\udcf8 <strong data-start=\"1720\" data-end=\"1751\">Exp\u00e9rience photo et vid\u00e9o :<\/strong><br \/>\n<\/h3>\n<ul data-start=\"1753\" data-end=\"2049\">\n<li data-start=\"1753\" data-end=\"1808\">\n<p data-start=\"1755\" data-end=\"1808\"><strong data-start=\"1755\" data-end=\"1766\">FlexCam<\/strong> : <span class=\"relative -mx-px my-[-0.2rem] rounded px-px py-[0.2rem] transition-colors duration-100 ease-in-out\">Permet de capturer des photos et vid\u00e9os mains libres en posant le t\u00e9l\u00e9phone \u00e0 diff\u00e9rents angles<\/span><\/p>\n<\/li>\n<li data-start=\"1809\" data-end=\"1866\">\n<p data-start=\"1811\" data-end=\"1866\"><strong data-start=\"1811\" data-end=\"1824\">Auto Zoom<\/strong> : <span class=\"relative -mx-px my-[-0.2rem] rounded px-px py-[0.2rem] transition-colors duration-100 ease-in-out\">Ajuste automatiquement le cadrage pour des selfies parfaits<\/span><\/p>\n<\/li>\n<li data-start=\"1867\" data-end=\"1941\">\n<p data-start=\"1869\" data-end=\"1941\"><strong data-start=\"1869\" data-end=\"1899\">Aper\u00e7u sur l&rsquo;\u00e9cran externe<\/strong> : <span class=\"relative -mx-px my-[-0.2rem] rounded px-px py-[0.2rem] transition-colors duration-100 ease-in-out\">Visualisez vos selfies en temps r\u00e9el sur l&rsquo;\u00e9cran de couverture<\/span><\/p>\n<\/li>\n<li data-start=\"1942\" data-end=\"2049\">\n<p data-start=\"1944\" data-end=\"2049\"><strong data-start=\"1944\" data-end=\"1968\">Enregistrement vid\u00e9o<\/strong> : <span class=\"relative -mx-px my-[-0.2rem] rounded px-px py-[0.2rem] transition-colors duration-100 ease-in-out\">Jusqu&rsquo;en 4K \u00e0 60 fps, ralenti en 1080p \u00e0 240 fps<\/span><\/p>\n<\/li>\n<\/ul>\n<p><!----><\/p>","protected":false},"excerpt":{"rendered":"<p>Le Samsung Galaxy Z Flip6 5G red\u00e9finit le smartphone pliable avec son design raffin\u00e9, ses performances accrues et ses fonctionnalit\u00e9s<\/p>","protected":false},"featured_media":13919,"comment_status":"open","ping_status":"closed","template":"","meta":[],"product_cat":[109],"product_tag":[],"jetpack_sharing_enabled":true,"_links":{"self":[{"href":"https:\/\/mobile-hub.fr\/en\/wp-json\/wp\/v2\/product\/13920"}],"collection":[{"href":"https:\/\/mobile-hub.fr\/en\/wp-json\/wp\/v2\/product"}],"about":[{"href":"https:\/\/mobile-hub.fr\/en\/wp-json\/wp\/v2\/types\/product"}],"replies":[{"embeddable":true,"href":"https:\/\/mobile-hub.fr\/en\/wp-json\/wp\/v2\/comments?post=13920"}],"version-history":[{"count":0,"href":"https:\/\/mobile-hub.fr\/en\/wp-json\/wp\/v2\/product\/13920\/revisions"}],"wp:featuredmedia":[{"embeddable":true,"href":"https:\/\/mobile-hub.fr\/en\/wp-json\/wp\/v2\/media\/13919"}],"wp:attachment":[{"href":"https:\/\/mobile-hub.fr\/en\/wp-json\/wp\/v2\/media?parent=13920"}],"wp:term":[{"taxonomy":"product_cat","embeddable":true,"href":"https:\/\/mobile-hub.fr\/en\/wp-json\/wp\/v2\/product_cat?post=13920"},{"taxonomy":"product_tag","embeddable":true,"href":"https:\/\/mobile-hub.fr\/en\/wp-json\/wp\/v2\/product_tag?post=13920"}],"curies":[{"name":"wp","href":"https:\/\/api.w.org\/{rel}","templated":true}]}}