{"id":13905,"date":"2026-03-27T02:13:17","date_gmt":"2026-03-27T01:13:17","guid":{"rendered":"https:\/\/mobile-hub.fr\/produit\/ipad-5-2017-wifi\/"},"modified":"2026-03-27T02:13:17","modified_gmt":"2026-03-27T01:13:17","slug":"ipad-5-2017-wifi","status":"publish","type":"product","link":"https:\/\/mobile-hub.fr\/en\/product\/ipad-5-2017-wifi\/","title":{"rendered":"iPad 5 (2017) WiFi"},"content":{"rendered":"<div style=\"font-family: system-ui, -apple-system, sans-serif; max-width: 720px; color: #0E0F0C;\">\n<p>  <!-- Hero --><\/p>\n<div style=\"background: #034638; color: white; padding: 28px 24px; border-radius: 12px; margin-bottom: 20px;\">\n<h2 style=\"margin: 0 0 8px 0; font-size: 22px; font-weight: 700; letter-spacing: -0.3px;\">iPad 5 (2017) WiFi \u2014 Pi\u00e8ces d&rsquo;origine Apple<\/h2>\n<p style=\"margin: 0; font-size: 14px; opacity: 0.85; line-height: 1.5;\">La puissance de la puce Apple A9 dans un iPad v\u00e9rifi\u00e9, test\u00e9 et garanti avec des composants 100% d&rsquo;origine Apple.<\/p>\n<\/p><\/div>\n<p>  <!-- Specs grid --><\/p>\n<div style=\"display: grid; grid-template-columns: 1fr 1fr; gap: 10px; margin-bottom: 20px;\">\n<div style=\"background: #FAFAFA; border: 1px solid #EBEBEB; border-radius: 12px; padding: 16px;\">\n<div style=\"font-size: 13px; color: #6B6D6B; margin-bottom: 4px;\">\u00c9cran<\/div>\n<div style=\"font-size: 15px; font-weight: 600; color: #0E0F0C;\">9.7&Prime; Retina<\/div>\n<\/p><\/div>\n<div style=\"background: #FAFAFA; border: 1px solid #EBEBEB; border-radius: 12px; padding: 16px;\">\n<div style=\"font-size: 13px; color: #6B6D6B; margin-bottom: 4px;\">Processeur<\/div>\n<div style=\"font-size: 15px; font-weight: 600; color: #0E0F0C;\">Apple A9<\/div>\n<\/p><\/div>\n<div style=\"background: #FAFAFA; border: 1px solid #EBEBEB; border-radius: 12px; padding: 16px;\">\n<div style=\"font-size: 13px; color: #6B6D6B; margin-bottom: 4px;\">Cam\u00e9ra<\/div>\n<div style=\"font-size: 15px; font-weight: 600; color: #0E0F0C;\">8 MP \u00b7 Vid\u00e9o 1080p<\/div>\n<\/p><\/div>\n<div style=\"background: #FAFAFA; border: 1px solid #EBEBEB; border-radius: 12px; padding: 16px;\">\n<div style=\"font-size: 13px; color: #6B6D6B; margin-bottom: 4px;\">Autonomie<\/div>\n<div style=\"font-size: 15px; font-weight: 600; color: #0E0F0C;\">Jusqu&rsquo;\u00e0 10h<\/div>\n<\/p><\/div>\n<\/p><\/div>\n<p>  <!-- Fiche technique --><\/p>\n<div style=\"border: 1px solid #EBEBEB; border-radius: 12px; overflow: hidden; margin-bottom: 20px;\">\n<div style=\"background: #FAFAFA; padding: 14px 16px; border-bottom: 1px solid #EBEBEB;\">\n      <span style=\"font-size: 15px; font-weight: 700; color: #0E0F0C;\">Caract\u00e9ristiques<\/span>\n    <\/div>\n<div style=\"padding: 0;\">\n<div style=\"display: flex; justify-content: space-between; padding: 12px 16px; border-bottom: 1px solid #F5F5F5;\">\n        <span style=\"font-size: 13px; color: #6B6D6B;\">Model<\/span><br \/>\n        <span style=\"font-size: 13px; font-weight: 500; color: #0E0F0C;\">iPad 5\u00e8me g\u00e9n\u00e9ration<\/span>\n      <\/div>\n<div style=\"display: flex; justify-content: space-between; padding: 12px 16px; border-bottom: 1px solid #F5F5F5;\">\n        <span style=\"font-size: 13px; color: #6B6D6B;\">Ann\u00e9e<\/span><br \/>\n        <span style=\"font-size: 13px; font-weight: 500; color: #0E0F0C;\">2017<\/span>\n      <\/div>\n<div style=\"display: flex; justify-content: space-between; padding: 12px 16px; border-bottom: 1px solid #F5F5F5;\">\n        <span style=\"font-size: 13px; color: #6B6D6B;\">\u00c9cran<\/span><br \/>\n        <span style=\"font-size: 13px; font-weight: 500; color: #0E0F0C;\">9.7&Prime; Retina<\/span>\n      <\/div>\n<div style=\"display: flex; justify-content: space-between; padding: 12px 16px; border-bottom: 1px solid #F5F5F5;\">\n        <span style=\"font-size: 13px; color: #6B6D6B;\">Processeur<\/span><br \/>\n        <span style=\"font-size: 13px; font-weight: 500; color: #0E0F0C;\">Apple A9<\/span>\n      <\/div>\n<div style=\"display: flex; justify-content: space-between; padding: 12px 16px; border-bottom: 1px solid #F5F5F5;\">\n        <span style=\"font-size: 13px; color: #6B6D6B;\">Storage<\/span><br \/>\n        <span style=\"font-size: 13px; font-weight: 500; color: #0E0F0C;\">32GB \/ 128GB<\/span>\n      <\/div>\n<div style=\"display: flex; justify-content: space-between; padding: 12px 16px; border-bottom: 1px solid #F5F5F5;\">\n        <span style=\"font-size: 13px; color: #6B6D6B;\">Poids<\/span><br \/>\n        <span style=\"font-size: 13px; font-weight: 500; color: #0E0F0C;\">469 g<\/span>\n      <\/div>\n<div style=\"display: flex; justify-content: space-between; padding: 12px 16px;\">\n        <span style=\"font-size: 13px; color: #6B6D6B;\">Connectivit\u00e9<\/span><br \/>\n        <span style=\"font-size: 13px; font-weight: 500; color: #0E0F0C;\">WiFi 6 \u00b7 Bluetooth 5.0<\/span>\n      <\/div>\n<\/p><\/div>\n<\/p><\/div>\n<p>  <!-- Garantie DBC --><\/p>\n<div style=\"background: linear-gradient(135deg, #034638 0%, #056B52 100%); color: white; padding: 24px; border-radius: 12px; margin-bottom: 20px;\">\n<div style=\"font-size: 17px; font-weight: 700; margin-bottom: 12px;\">\ud83d\udee1\ufe0f Garantie DBC Electronics<\/div>\n<div style=\"display: grid; grid-template-columns: 1fr 1fr; gap: 12px;\">\n<div style=\"display: flex; align-items: center; gap: 8px;\">\n        <span style=\"font-size: 18px;\">\u2705<\/span><br \/>\n        <span style=\"font-size: 13px; opacity: 0.9;\">100% pi\u00e8ces d&rsquo;origine Apple<\/span>\n      <\/div>\n<div style=\"display: flex; align-items: center; gap: 8px;\">\n        <span style=\"font-size: 18px;\">\ud83d\udd0d<\/span><br \/>\n        <span style=\"font-size: 13px; opacity: 0.9;\">100 points de contr\u00f4le<\/span>\n      <\/div>\n<div style=\"display: flex; align-items: center; gap: 8px;\">\n        <span style=\"font-size: 18px;\">\ud83d\udce6<\/span><br \/>\n        <span style=\"font-size: 13px; opacity: 0.9;\">Exp\u00e9dition sous 24-48h<\/span>\n      <\/div>\n<div style=\"display: flex; align-items: center; gap: 8px;\">\n        <span style=\"font-size: 18px;\">\ud83d\udd04<\/span><br \/>\n        <span style=\"font-size: 13px; opacity: 0.9;\">Satisfait ou rembours\u00e9 30j<\/span>\n      <\/div>\n<\/p><\/div>\n<\/p><\/div>\n<p>  <!-- Nos \u00e9tats --><\/p>\n<div style=\"border: 1px solid #EBEBEB; border-radius: 12px; overflow: hidden;\">\n<div style=\"background: #FAFAFA; padding: 14px 16px; border-bottom: 1px solid #EBEBEB;\">\n      <span style=\"font-size: 15px; font-weight: 700; color: #0E0F0C;\">Nos \u00e9tats reconditionn\u00e9s<\/span>\n    <\/div>\n<div style=\"padding: 16px;\">\n<div style=\"margin-bottom: 14px;\">\n<div style=\"font-size: 14px; font-weight: 600; color: #00BF6F; margin-bottom: 4px;\">\u2b50 Parfait<\/div>\n<div style=\"font-size: 13px; color: #6B6D6B; line-height: 1.4;\">Comme neuf. Aucune trace visible, batterie excellente.<\/div>\n<\/p><\/div>\n<div style=\"margin-bottom: 14px;\">\n<div style=\"font-size: 14px; font-weight: 600; color: #00BF6F; margin-bottom: 4px;\">\u2728 Tr\u00e8s bon<\/div>\n<div style=\"font-size: 13px; color: #6B6D6B; line-height: 1.4;\">Micro-rayures invisibles en utilisation normale. Excellent rapport qualit\u00e9-prix.<\/div>\n<\/p><\/div>\n<div style=\"margin-bottom: 14px;\">\n<div style=\"font-size: 14px; font-weight: 600; color: #D8E142; margin-bottom: 4px;\">\ud83d\udc4d Correct<\/div>\n<div style=\"font-size: 13px; color: #6B6D6B; line-height: 1.4;\">Traces d&rsquo;usure l\u00e9g\u00e8res visibles. Parfaitement fonctionnel.<\/div>\n<\/p><\/div>\n<div>\n<div style=\"font-size: 14px; font-weight: 600; color: #F5A623; margin-bottom: 4px;\">\ud83d\udcb0 Imparfait<\/div>\n<div style=\"font-size: 13px; color: #6B6D6B; line-height: 1.4;\">Traces d&rsquo;usure visibles (rayures, petits impacts). Le meilleur prix.<\/div>\n<\/p><\/div>\n<\/p><\/div>\n<\/p><\/div>\n<\/div>","protected":false},"excerpt":{"rendered":"<p>iPad 5 (2017) WiFi \u2014 Pi\u00e8ces d&rsquo;origine Apple La puissance de la puce Apple A9 dans un iPad v\u00e9rifi\u00e9, test\u00e9<\/p>","protected":false},"featured_media":13904,"comment_status":"open","ping_status":"closed","template":"","meta":[],"product_cat":[109],"product_tag":[],"jetpack_sharing_enabled":true,"_links":{"self":[{"href":"https:\/\/mobile-hub.fr\/en\/wp-json\/wp\/v2\/product\/13905"}],"collection":[{"href":"https:\/\/mobile-hub.fr\/en\/wp-json\/wp\/v2\/product"}],"about":[{"href":"https:\/\/mobile-hub.fr\/en\/wp-json\/wp\/v2\/types\/product"}],"replies":[{"embeddable":true,"href":"https:\/\/mobile-hub.fr\/en\/wp-json\/wp\/v2\/comments?post=13905"}],"version-history":[{"count":0,"href":"https:\/\/mobile-hub.fr\/en\/wp-json\/wp\/v2\/product\/13905\/revisions"}],"wp:featuredmedia":[{"embeddable":true,"href":"https:\/\/mobile-hub.fr\/en\/wp-json\/wp\/v2\/media\/13904"}],"wp:attachment":[{"href":"https:\/\/mobile-hub.fr\/en\/wp-json\/wp\/v2\/media?parent=13905"}],"wp:term":[{"taxonomy":"product_cat","embeddable":true,"href":"https:\/\/mobile-hub.fr\/en\/wp-json\/wp\/v2\/product_cat?post=13905"},{"taxonomy":"product_tag","embeddable":true,"href":"https:\/\/mobile-hub.fr\/en\/wp-json\/wp\/v2\/product_tag?post=13905"}],"curies":[{"name":"wp","href":"https:\/\/api.w.org\/{rel}","templated":true}]}}