{"id":13802,"date":"2026-03-27T02:12:55","date_gmt":"2026-03-27T01:12:55","guid":{"rendered":"https:\/\/mobile-hub.fr\/produit\/mac-mini-m4\/"},"modified":"2026-03-27T02:12:55","modified_gmt":"2026-03-27T01:12:55","slug":"mac-mini-m4","status":"publish","type":"product","link":"https:\/\/mobile-hub.fr\/en\/product\/mac-mini-m4\/","title":{"rendered":"Mac Mini M4"},"content":{"rendered":"<p><strong>Mac Mini M4 reconditionn\u00e9 par DBC<\/strong> \u2014 Test\u00e9, v\u00e9rifi\u00e9 et nettoy\u00e9 par nos soins. Pi\u00e8ces d&rsquo;origine Apple.<\/p>\n<p>\ud83d\udd0d <strong>Points cl\u00e9s<\/strong><\/p>\n<ul>\n<li>\n<strong>Performance :<\/strong> Puce Apple \u2013 Compact et silencieux<\/li>\n<li>\n<strong>Connectivit\u00e9 :<\/strong> Thunderbolt, USB-C, HDMI, Ethernet<\/li>\n<li>\n<strong>Id\u00e9al pour :<\/strong> Bureau, studio cr\u00e9atif, d\u00e9veloppement<\/li>\n<\/ul>\n<p>\ud83d\udee1\ufe0f <strong>Garantie DBC<\/strong><\/p>\n<ul>\n<li>\u2705 Pi\u00e8ces d&rsquo;origine Apple<\/li>\n<li>\u2705 Test\u00e9 et certifi\u00e9 par nos techniciens<\/li>\n<li>\u2705 Garantie 12 mois<\/li>\n<li>\u2705 Livraison offerte<\/li>\n<\/ul>","protected":false},"excerpt":{"rendered":"<p>Mac Mini M4 reconditionn\u00e9 par DBC \u2014 Test\u00e9, v\u00e9rifi\u00e9 et nettoy\u00e9 par nos soins. Pi\u00e8ces d&rsquo;origine Apple. \ud83d\udd0d Points cl\u00e9s<\/p>","protected":false},"featured_media":13801,"comment_status":"open","ping_status":"closed","template":"","meta":[],"product_cat":[109],"product_tag":[],"jetpack_sharing_enabled":true,"_links":{"self":[{"href":"https:\/\/mobile-hub.fr\/en\/wp-json\/wp\/v2\/product\/13802"}],"collection":[{"href":"https:\/\/mobile-hub.fr\/en\/wp-json\/wp\/v2\/product"}],"about":[{"href":"https:\/\/mobile-hub.fr\/en\/wp-json\/wp\/v2\/types\/product"}],"replies":[{"embeddable":true,"href":"https:\/\/mobile-hub.fr\/en\/wp-json\/wp\/v2\/comments?post=13802"}],"version-history":[{"count":0,"href":"https:\/\/mobile-hub.fr\/en\/wp-json\/wp\/v2\/product\/13802\/revisions"}],"wp:featuredmedia":[{"embeddable":true,"href":"https:\/\/mobile-hub.fr\/en\/wp-json\/wp\/v2\/media\/13801"}],"wp:attachment":[{"href":"https:\/\/mobile-hub.fr\/en\/wp-json\/wp\/v2\/media?parent=13802"}],"wp:term":[{"taxonomy":"product_cat","embeddable":true,"href":"https:\/\/mobile-hub.fr\/en\/wp-json\/wp\/v2\/product_cat?post=13802"},{"taxonomy":"product_tag","embeddable":true,"href":"https:\/\/mobile-hub.fr\/en\/wp-json\/wp\/v2\/product_tag?post=13802"}],"curies":[{"name":"wp","href":"https:\/\/api.w.org\/{rel}","templated":true}]}}