{"id":13798,"date":"2026-03-27T02:12:54","date_gmt":"2026-03-27T01:12:54","guid":{"rendered":"https:\/\/mobile-hub.fr\/produit\/ipad-mini-4-2015-wifi\/"},"modified":"2026-03-27T02:12:54","modified_gmt":"2026-03-27T01:12:54","slug":"ipad-mini-4-2015-wifi","status":"publish","type":"product","link":"https:\/\/mobile-hub.fr\/en\/product\/ipad-mini-4-2015-wifi\/","title":{"rendered":"iPad Mini 4 2015 WiFi"},"content":{"rendered":"<p><strong>iPad mini 4 reconditionn\u00e9 par DBC<\/strong> \u2014 Test\u00e9, v\u00e9rifi\u00e9 et nettoy\u00e9 par nos soins. Pi\u00e8ces d&rsquo;origine Apple. Jusqu&rsquo;\u00e0 -50% par rapport au neuf.<\/p>\n<p>\ud83d\udd0d <strong>Points cl\u00e9s<\/strong><\/p>\n<ul>\n<li>\n<strong>\u00c9cran :<\/strong> Retina 7.9&Prime; \u2013 Couleurs \u00e9clatantes et pr\u00e9cision professionnelle<\/li>\n<li>\n<strong>Performance :<\/strong> Puce Apple \u2013 Fluide pour toutes vos applications<\/li>\n<li>\n<strong>Connectivit\u00e9 :<\/strong> WiFi<\/li>\n<li>\n<strong>S\u00e9curit\u00e9 :<\/strong> Touch ID<\/li>\n<li>\n<strong>Compatible :<\/strong> Apple Pencil, clavier Magic Keyboard (selon mod\u00e8le)<\/li>\n<\/ul>\n<p>\ud83d\udee1\ufe0f <strong>Garantie DBC<\/strong><\/p>\n<ul>\n<li>\u2705 Pi\u00e8ces d&rsquo;origine Apple<\/li>\n<li>\u2705 Test\u00e9 et certifi\u00e9 par nos techniciens<\/li>\n<li>\u2705 Garantie 12 mois<\/li>\n<li>\u2705 Livraison offerte<\/li>\n<li>\u2705 Retour gratuit sous 30 jours<\/li>\n<\/ul>","protected":false},"excerpt":{"rendered":"<p>iPad mini 4 reconditionn\u00e9 par DBC \u2014 Test\u00e9, v\u00e9rifi\u00e9 et nettoy\u00e9 par nos soins. Pi\u00e8ces d&rsquo;origine Apple. Jusqu&rsquo;\u00e0 -50% par<\/p>","protected":false},"featured_media":13797,"comment_status":"open","ping_status":"closed","template":"","meta":[],"product_cat":[109],"product_tag":[],"jetpack_sharing_enabled":true,"_links":{"self":[{"href":"https:\/\/mobile-hub.fr\/en\/wp-json\/wp\/v2\/product\/13798"}],"collection":[{"href":"https:\/\/mobile-hub.fr\/en\/wp-json\/wp\/v2\/product"}],"about":[{"href":"https:\/\/mobile-hub.fr\/en\/wp-json\/wp\/v2\/types\/product"}],"replies":[{"embeddable":true,"href":"https:\/\/mobile-hub.fr\/en\/wp-json\/wp\/v2\/comments?post=13798"}],"version-history":[{"count":0,"href":"https:\/\/mobile-hub.fr\/en\/wp-json\/wp\/v2\/product\/13798\/revisions"}],"wp:featuredmedia":[{"embeddable":true,"href":"https:\/\/mobile-hub.fr\/en\/wp-json\/wp\/v2\/media\/13797"}],"wp:attachment":[{"href":"https:\/\/mobile-hub.fr\/en\/wp-json\/wp\/v2\/media?parent=13798"}],"wp:term":[{"taxonomy":"product_cat","embeddable":true,"href":"https:\/\/mobile-hub.fr\/en\/wp-json\/wp\/v2\/product_cat?post=13798"},{"taxonomy":"product_tag","embeddable":true,"href":"https:\/\/mobile-hub.fr\/en\/wp-json\/wp\/v2\/product_tag?post=13798"}],"curies":[{"name":"wp","href":"https:\/\/api.w.org\/{rel}","templated":true}]}}