{"id":13776,"date":"2026-03-27T02:12:51","date_gmt":"2026-03-27T01:12:51","guid":{"rendered":"https:\/\/mobile-hub.fr\/produit\/apple-watch-series-9\/"},"modified":"2026-03-27T02:12:52","modified_gmt":"2026-03-27T01:12:52","slug":"apple-watch-series-9","status":"publish","type":"product","link":"https:\/\/mobile-hub.fr\/en\/product\/apple-watch-series-9\/","title":{"rendered":"Apple Watch Series 9"},"content":{"rendered":"<p><strong>Apple Watch Series 9 reconditionn\u00e9<\/strong> \u2014 Test\u00e9, certifi\u00e9 et garanti par DBC Store. Jusqu&rsquo;\u00e0 -50% par rapport au neuf.<\/p>","protected":false},"excerpt":{"rendered":"<p>Apple Watch Series 9 reconditionn\u00e9 \u2014 Test\u00e9, certifi\u00e9 et garanti par DBC Store. Jusqu&rsquo;\u00e0 -50% par rapport au neuf.<\/p>","protected":false},"featured_media":13775,"comment_status":"open","ping_status":"closed","template":"","meta":[],"product_cat":[109],"product_tag":[],"jetpack_sharing_enabled":true,"_links":{"self":[{"href":"https:\/\/mobile-hub.fr\/en\/wp-json\/wp\/v2\/product\/13776"}],"collection":[{"href":"https:\/\/mobile-hub.fr\/en\/wp-json\/wp\/v2\/product"}],"about":[{"href":"https:\/\/mobile-hub.fr\/en\/wp-json\/wp\/v2\/types\/product"}],"replies":[{"embeddable":true,"href":"https:\/\/mobile-hub.fr\/en\/wp-json\/wp\/v2\/comments?post=13776"}],"version-history":[{"count":0,"href":"https:\/\/mobile-hub.fr\/en\/wp-json\/wp\/v2\/product\/13776\/revisions"}],"wp:featuredmedia":[{"embeddable":true,"href":"https:\/\/mobile-hub.fr\/en\/wp-json\/wp\/v2\/media\/13775"}],"wp:attachment":[{"href":"https:\/\/mobile-hub.fr\/en\/wp-json\/wp\/v2\/media?parent=13776"}],"wp:term":[{"taxonomy":"product_cat","embeddable":true,"href":"https:\/\/mobile-hub.fr\/en\/wp-json\/wp\/v2\/product_cat?post=13776"},{"taxonomy":"product_tag","embeddable":true,"href":"https:\/\/mobile-hub.fr\/en\/wp-json\/wp\/v2\/product_tag?post=13776"}],"curies":[{"name":"wp","href":"https:\/\/api.w.org\/{rel}","templated":true}]}}