{"id":13764,"date":"2026-03-27T02:12:50","date_gmt":"2026-03-27T01:12:50","guid":{"rendered":"https:\/\/mobile-hub.fr\/produit\/apple-watch-ultra\/"},"modified":"2026-03-27T02:12:50","modified_gmt":"2026-03-27T01:12:50","slug":"apple-watch-ultra","status":"publish","type":"product","link":"https:\/\/mobile-hub.fr\/en\/product\/apple-watch-ultra\/","title":{"rendered":"Apple Watch Ultra"},"content":{"rendered":"<p><strong>Apple Watch Ultra reconditionn\u00e9<\/strong> \u2014 Test\u00e9, certifi\u00e9 et garanti par DBC Store. Jusqu&rsquo;\u00e0 -50% par rapport au neuf.<\/p>","protected":false},"excerpt":{"rendered":"<p>Apple Watch Ultra reconditionn\u00e9 \u2014 Test\u00e9, certifi\u00e9 et garanti par DBC Store. Jusqu&rsquo;\u00e0 -50% par rapport au neuf.<\/p>","protected":false},"featured_media":13763,"comment_status":"open","ping_status":"closed","template":"","meta":[],"product_cat":[109],"product_tag":[],"jetpack_sharing_enabled":true,"_links":{"self":[{"href":"https:\/\/mobile-hub.fr\/en\/wp-json\/wp\/v2\/product\/13764"}],"collection":[{"href":"https:\/\/mobile-hub.fr\/en\/wp-json\/wp\/v2\/product"}],"about":[{"href":"https:\/\/mobile-hub.fr\/en\/wp-json\/wp\/v2\/types\/product"}],"replies":[{"embeddable":true,"href":"https:\/\/mobile-hub.fr\/en\/wp-json\/wp\/v2\/comments?post=13764"}],"version-history":[{"count":0,"href":"https:\/\/mobile-hub.fr\/en\/wp-json\/wp\/v2\/product\/13764\/revisions"}],"wp:featuredmedia":[{"embeddable":true,"href":"https:\/\/mobile-hub.fr\/en\/wp-json\/wp\/v2\/media\/13763"}],"wp:attachment":[{"href":"https:\/\/mobile-hub.fr\/en\/wp-json\/wp\/v2\/media?parent=13764"}],"wp:term":[{"taxonomy":"product_cat","embeddable":true,"href":"https:\/\/mobile-hub.fr\/en\/wp-json\/wp\/v2\/product_cat?post=13764"},{"taxonomy":"product_tag","embeddable":true,"href":"https:\/\/mobile-hub.fr\/en\/wp-json\/wp\/v2\/product_tag?post=13764"}],"curies":[{"name":"wp","href":"https:\/\/api.w.org\/{rel}","templated":true}]}}