{"id":13758,"date":"2026-03-27T02:12:50","date_gmt":"2026-03-27T01:12:50","guid":{"rendered":"https:\/\/mobile-hub.fr\/produit\/dbods-2-compatible-airpods-2\/"},"modified":"2026-03-27T02:12:50","modified_gmt":"2026-03-27T01:12:50","slug":"dbods-2-compatible-airpods-2","status":"publish","type":"product","link":"https:\/\/mobile-hub.fr\/en\/product\/dbods-2-compatible-airpods-2\/","title":{"rendered":"DBods 2 &#8211; Compatible AirPods 2"},"content":{"rendered":"<p class=\"p1\">D\u00e9couvrez nos \u00e9couteurs sans fil compatibles DPODS 2, offrant une qualit\u00e9 sonore exceptionnelle et une autonomie prolong\u00e9e. Con\u00e7us pour un confort optimal et une connexion stable, ils sont parfaits pour \u00e9couter votre musique et passer des appels en toute libert\u00e9. Profitez d\u2019une exp\u00e9rience audio sans fil sup\u00e9rieure avec une installation facile et une compatibilit\u00e9 \u00e9tendue.<\/p>\n<p><!----><\/p>","protected":false},"excerpt":{"rendered":"<p>D\u00e9couvrez nos \u00e9couteurs sans fil compatibles DPODS 2, offrant une qualit\u00e9 sonore exceptionnelle et une autonomie prolong\u00e9e. Con\u00e7us pour un<\/p>","protected":false},"featured_media":13757,"comment_status":"open","ping_status":"closed","template":"","meta":[],"product_cat":[109],"product_tag":[],"jetpack_sharing_enabled":true,"_links":{"self":[{"href":"https:\/\/mobile-hub.fr\/en\/wp-json\/wp\/v2\/product\/13758"}],"collection":[{"href":"https:\/\/mobile-hub.fr\/en\/wp-json\/wp\/v2\/product"}],"about":[{"href":"https:\/\/mobile-hub.fr\/en\/wp-json\/wp\/v2\/types\/product"}],"replies":[{"embeddable":true,"href":"https:\/\/mobile-hub.fr\/en\/wp-json\/wp\/v2\/comments?post=13758"}],"version-history":[{"count":0,"href":"https:\/\/mobile-hub.fr\/en\/wp-json\/wp\/v2\/product\/13758\/revisions"}],"wp:featuredmedia":[{"embeddable":true,"href":"https:\/\/mobile-hub.fr\/en\/wp-json\/wp\/v2\/media\/13757"}],"wp:attachment":[{"href":"https:\/\/mobile-hub.fr\/en\/wp-json\/wp\/v2\/media?parent=13758"}],"wp:term":[{"taxonomy":"product_cat","embeddable":true,"href":"https:\/\/mobile-hub.fr\/en\/wp-json\/wp\/v2\/product_cat?post=13758"},{"taxonomy":"product_tag","embeddable":true,"href":"https:\/\/mobile-hub.fr\/en\/wp-json\/wp\/v2\/product_tag?post=13758"}],"curies":[{"name":"wp","href":"https:\/\/api.w.org\/{rel}","templated":true}]}}