{"id":13748,"date":"2026-03-27T02:12:45","date_gmt":"2026-03-27T01:12:45","guid":{"rendered":"https:\/\/mobile-hub.fr\/produit\/hydrogel-hd-standard\/"},"modified":"2026-03-27T02:12:45","modified_gmt":"2026-03-27T01:12:45","slug":"hydrogel-hd-standard","status":"publish","type":"product","link":"https:\/\/mobile-hub.fr\/en\/product\/hydrogel-hd-standard\/","title":{"rendered":"Hydrogel HD Standard"},"content":{"rendered":"<div style=\"font-family: 'General Sans', sans-serif; color: #333;\">\n<p><strong>Film Hydrogel HD Standard<\/strong> \u2014 protection souple, transparente et \u00e9conomique pour votre iPhone.<\/p>\n<ul>\n<li>\ud83d\udd0d Transparence HD \u2014 clart\u00e9 d&rsquo;\u00e9cran pr\u00e9serv\u00e9e<\/li>\n<li>\ud83d\udee1\ufe0f Anti-rayures au quotidien<\/li>\n<li>\ud83d\udc46 Toucher fluide, sensibilit\u00e9 tactile intacte<\/li>\n<li>\ud83d\udcf1 Couverture bord \u00e0 bord<\/li>\n<li>\ud83e\udee7 Pose facile sans bulles<\/li>\n<\/ul>\n<p>La protection essentielle \u00e0 petit prix.<\/p>\n<\/div>","protected":false},"excerpt":{"rendered":"<p>Film Hydrogel HD Standard \u2014 protection souple, transparente et \u00e9conomique pour votre iPhone. \ud83d\udd0d Transparence HD \u2014 clart\u00e9 d&rsquo;\u00e9cran pr\u00e9serv\u00e9e<\/p>","protected":false},"featured_media":13747,"comment_status":"open","ping_status":"closed","template":"","meta":[],"product_cat":[109],"product_tag":[],"jetpack_sharing_enabled":true,"_links":{"self":[{"href":"https:\/\/mobile-hub.fr\/en\/wp-json\/wp\/v2\/product\/13748"}],"collection":[{"href":"https:\/\/mobile-hub.fr\/en\/wp-json\/wp\/v2\/product"}],"about":[{"href":"https:\/\/mobile-hub.fr\/en\/wp-json\/wp\/v2\/types\/product"}],"replies":[{"embeddable":true,"href":"https:\/\/mobile-hub.fr\/en\/wp-json\/wp\/v2\/comments?post=13748"}],"version-history":[{"count":0,"href":"https:\/\/mobile-hub.fr\/en\/wp-json\/wp\/v2\/product\/13748\/revisions"}],"wp:featuredmedia":[{"embeddable":true,"href":"https:\/\/mobile-hub.fr\/en\/wp-json\/wp\/v2\/media\/13747"}],"wp:attachment":[{"href":"https:\/\/mobile-hub.fr\/en\/wp-json\/wp\/v2\/media?parent=13748"}],"wp:term":[{"taxonomy":"product_cat","embeddable":true,"href":"https:\/\/mobile-hub.fr\/en\/wp-json\/wp\/v2\/product_cat?post=13748"},{"taxonomy":"product_tag","embeddable":true,"href":"https:\/\/mobile-hub.fr\/en\/wp-json\/wp\/v2\/product_tag?post=13748"}],"curies":[{"name":"wp","href":"https:\/\/api.w.org\/{rel}","templated":true}]}}