{"id":13744,"date":"2026-03-27T02:12:40","date_gmt":"2026-03-27T01:12:40","guid":{"rendered":"https:\/\/mobile-hub.fr\/produit\/hydrogel-hd-protect\/"},"modified":"2026-03-27T02:12:40","modified_gmt":"2026-03-27T01:12:40","slug":"hydrogel-hd-protect","status":"publish","type":"product","link":"https:\/\/mobile-hub.fr\/en\/product\/hydrogel-hd-protect\/","title":{"rendered":"Hydrogel HD Protect+"},"content":{"rendered":"<div style=\"font-family: 'General Sans', sans-serif; color: #333;\">\n<p><strong>Film Hydrogel HD Protect+<\/strong> \u2014 notre protection premium, r\u00e9sistance maximale.<\/p>\n<ul>\n<li>\ud83d\udc8e Hydrogel haute densit\u00e9 \u2014 absorption des chocs renforc\u00e9e<\/li>\n<li>\ud83d\udd0d Transparence HD cristalline<\/li>\n<li>\ud83d\udee1\ufe0f Auto-cicatrisant \u2014 les micro-rayures disparaissent en quelques heures<\/li>\n<li>\ud83d\udc46 Toucher ultra fluide, anti-traces de doigts<\/li>\n<li>\ud83d\udcf1 Couverture int\u00e9grale bord \u00e0 bord, s&rsquo;adapte aux \u00e9crans incurv\u00e9s<\/li>\n<li>\u26a1 Durabilit\u00e9 sup\u00e9rieure \u2014 con\u00e7u pour durer plus longtemps que le Standard<\/li>\n<\/ul>\n<p>Le meilleur de la protection Hydrogel. Pour ceux qui veulent le top.<\/p>\n<\/div>","protected":false},"excerpt":{"rendered":"<p>Film Hydrogel HD Protect+ \u2014 notre protection premium, r\u00e9sistance maximale. \ud83d\udc8e Hydrogel haute densit\u00e9 \u2014 absorption des chocs renforc\u00e9e \ud83d\udd0d<\/p>","protected":false},"featured_media":13743,"comment_status":"open","ping_status":"closed","template":"","meta":[],"product_cat":[109],"product_tag":[],"jetpack_sharing_enabled":true,"_links":{"self":[{"href":"https:\/\/mobile-hub.fr\/en\/wp-json\/wp\/v2\/product\/13744"}],"collection":[{"href":"https:\/\/mobile-hub.fr\/en\/wp-json\/wp\/v2\/product"}],"about":[{"href":"https:\/\/mobile-hub.fr\/en\/wp-json\/wp\/v2\/types\/product"}],"replies":[{"embeddable":true,"href":"https:\/\/mobile-hub.fr\/en\/wp-json\/wp\/v2\/comments?post=13744"}],"version-history":[{"count":0,"href":"https:\/\/mobile-hub.fr\/en\/wp-json\/wp\/v2\/product\/13744\/revisions"}],"wp:featuredmedia":[{"embeddable":true,"href":"https:\/\/mobile-hub.fr\/en\/wp-json\/wp\/v2\/media\/13743"}],"wp:attachment":[{"href":"https:\/\/mobile-hub.fr\/en\/wp-json\/wp\/v2\/media?parent=13744"}],"wp:term":[{"taxonomy":"product_cat","embeddable":true,"href":"https:\/\/mobile-hub.fr\/en\/wp-json\/wp\/v2\/product_cat?post=13744"},{"taxonomy":"product_tag","embeddable":true,"href":"https:\/\/mobile-hub.fr\/en\/wp-json\/wp\/v2\/product_tag?post=13744"}],"curies":[{"name":"wp","href":"https:\/\/api.w.org\/{rel}","templated":true}]}}